{"id":2214,"date":"2024-08-07T06:33:57","date_gmt":"2024-08-07T04:33:57","guid":{"rendered":"https:\/\/heabb-functionals.nl\/all-products\/uncategorized\/tertio-h-40cm-magnefique\/"},"modified":"2025-09-29T18:45:14","modified_gmt":"2025-09-29T16:45:14","slug":"tertio-h40-magnefique","status":"publish","type":"product","link":"https:\/\/staging-2.functionals.com\/en\/coat-racks\/tertio-h40-magnefique\/","title":{"rendered":"tertio h40 magn\u00e9fique"},"content":{"rendered":"<p>Tertio H 40cm Magn\u00e9fique<\/p>\n","protected":false},"excerpt":{"rendered":"<p>Tertio H40 Magn\u00e9fique is a magnetic element with four hooks on which a jacket can be hung. Tertio H40 Magn\u00e9fique forms part of the cloakroom series Tertio designed by designer Gerard Kerklaan. Thanks to the transparent design the various models can be easily combined.<\/p>\n","protected":false},"featured_media":9238,"template":"","meta":{"_acf_changed":false},"product_brand":[],"product_cat":[22,79],"product_tag":[880,936,900,1185,964,1186,60,1133,1160,1183,1184,934,935],"class_list":{"0":"post-2214","1":"product","2":"type-product","3":"status-publish","4":"has-post-thumbnail","6":"product_cat-coat-racks","7":"product_cat-wall-coat-rack","8":"product_tag-coat-rack","9":"product_tag-gerard-kerklaan","10":"product_tag-kapstok","11":"product_tag-magnefique","12":"product_tag-magnetic","13":"product_tag-magnetisch","14":"product_tag-tertio","15":"product_tag-tertio-cloakroom","16":"product_tag-tertio-garderobe","17":"product_tag-tertio-h40","18":"product_tag-tertio-h40-magnefique","19":"product_tag-wall-coat-rack","20":"product_tag-wandkapstok","21":"pa_designer-gerard-kerklaan","23":"first","24":"instock","25":"taxable","26":"shipping-taxable","27":"purchasable","28":"product-type-simple"},"acf":[],"yoast_head":"<!-- This site is optimized with the Yoast SEO plugin v26.3 - https:\/\/yoast.com\/wordpress\/plugins\/seo\/ -->\n<title>tertio h40 magn\u00e9fique - functionals<\/title>\n<meta name=\"robots\" content=\"noindex, follow, max-snippet:-1, max-image-preview:large, max-video-preview:-1\" \/>\n<meta property=\"og:locale\" content=\"en_US\" \/>\n<meta property=\"og:type\" content=\"article\" \/>\n<meta property=\"og:title\" content=\"tertio h40 magn\u00e9fique - functionals\" \/>\n<meta property=\"og:description\" content=\"Tertio H40 Magn\u00e9fique is a magnetic element with four hooks on which a jacket can be hung. Tertio H40 Magn\u00e9fique forms part of the cloakroom series Tertio designed by designer Gerard Kerklaan. Thanks to the transparent design the various models can be easily combined.\" \/>\n<meta property=\"og:url\" content=\"https:\/\/staging-2.functionals.com\/en\/coat-racks\/tertio-h40-magnefique\/\" \/>\n<meta property=\"og:site_name\" content=\"functionals\" \/>\n<meta property=\"article:modified_time\" content=\"2025-09-29T16:45:14+00:00\" \/>\n<meta property=\"og:image\" content=\"https:\/\/staging-2.functionals.com\/wp-content\/uploads\/2024\/08\/Tertio-H-Magnefique-40-FV-1-scaled.jpg\" \/>\n\t<meta property=\"og:image:width\" content=\"1707\" \/>\n\t<meta property=\"og:image:height\" content=\"2560\" \/>\n\t<meta property=\"og:image:type\" content=\"image\/jpeg\" \/>\n<meta name=\"twitter:card\" content=\"summary_large_image\" \/>\n<meta name=\"twitter:label1\" content=\"Est. reading time\" \/>\n\t<meta name=\"twitter:data1\" content=\"1 minute\" \/>\n<script type=\"application\/ld+json\" class=\"yoast-schema-graph\">{\"@context\":\"https:\/\/schema.org\",\"@graph\":[{\"@type\":\"WebPage\",\"@id\":\"https:\/\/staging-2.functionals.com\/en\/coat-racks\/tertio-h40-magnefique\/\",\"url\":\"https:\/\/staging-2.functionals.com\/en\/coat-racks\/tertio-h40-magnefique\/\",\"name\":\"tertio h40 magn\u00e9fique - functionals\",\"isPartOf\":{\"@id\":\"https:\/\/staging-2.functionals.com\/en\/#website\"},\"primaryImageOfPage\":{\"@id\":\"https:\/\/staging-2.functionals.com\/en\/coat-racks\/tertio-h40-magnefique\/#primaryimage\"},\"image\":{\"@id\":\"https:\/\/staging-2.functionals.com\/en\/coat-racks\/tertio-h40-magnefique\/#primaryimage\"},\"thumbnailUrl\":\"https:\/\/staging-2.functionals.com\/wp-content\/uploads\/2024\/08\/Tertio-H-Magnefique-40-FV-1-scaled.jpg\",\"datePublished\":\"2024-08-07T04:33:57+00:00\",\"dateModified\":\"2025-09-29T16:45:14+00:00\",\"breadcrumb\":{\"@id\":\"https:\/\/staging-2.functionals.com\/en\/coat-racks\/tertio-h40-magnefique\/#breadcrumb\"},\"inLanguage\":\"en-US\",\"potentialAction\":[{\"@type\":\"ReadAction\",\"target\":[\"https:\/\/staging-2.functionals.com\/en\/coat-racks\/tertio-h40-magnefique\/\"]}],\"author\":{\"@type\":\"Organization\",\"name\":\"Heabb\",\"url\":\"https:\/\/heabb.nl\"}},{\"@type\":\"ImageObject\",\"inLanguage\":\"en-US\",\"@id\":\"https:\/\/staging-2.functionals.com\/en\/coat-racks\/tertio-h40-magnefique\/#primaryimage\",\"url\":\"https:\/\/staging-2.functionals.com\/wp-content\/uploads\/2024\/08\/Tertio-H-Magnefique-40-FV-1-scaled.jpg\",\"contentUrl\":\"https:\/\/staging-2.functionals.com\/wp-content\/uploads\/2024\/08\/Tertio-H-Magnefique-40-FV-1-scaled.jpg\",\"width\":1707,\"height\":2560},{\"@type\":\"BreadcrumbList\",\"@id\":\"https:\/\/staging-2.functionals.com\/en\/coat-racks\/tertio-h40-magnefique\/#breadcrumb\",\"itemListElement\":[{\"@type\":\"ListItem\",\"position\":1,\"name\":\"home\",\"item\":\"https:\/\/staging-2.functionals.com\/en\/\"},{\"@type\":\"ListItem\",\"position\":2,\"name\":\"products\",\"item\":\"https:\/\/staging-2.functionals.com\/en\/all-products\/\"},{\"@type\":\"ListItem\",\"position\":3,\"name\":\"tertio h40 magn\u00e9fique\"}]},{\"@type\":\"WebSite\",\"@id\":\"https:\/\/staging-2.functionals.com\/en\/#website\",\"url\":\"https:\/\/staging-2.functionals.com\/en\/\",\"name\":\"Functionals\",\"description\":\"organising spaces\",\"publisher\":{\"@id\":\"https:\/\/staging-2.functionals.com\/en\/#organization\"},\"potentialAction\":[{\"@type\":\"SearchAction\",\"target\":{\"@type\":\"EntryPoint\",\"urlTemplate\":\"https:\/\/staging-2.functionals.com\/en\/?s={search_term_string}\"},\"query-input\":{\"@type\":\"PropertyValueSpecification\",\"valueRequired\":true,\"valueName\":\"search_term_string\"}}],\"inLanguage\":\"en-US\"},{\"@type\":\"Organization\",\"@id\":\"https:\/\/staging-2.functionals.com\/en\/#organization\",\"name\":\"Functionals\",\"url\":\"https:\/\/staging-2.functionals.com\/en\/\",\"logo\":{\"@type\":\"ImageObject\",\"inLanguage\":\"en-US\",\"@id\":\"https:\/\/staging-2.functionals.com\/en\/#\/schema\/logo\/image\/\",\"url\":\"https:\/\/staging-2.functionals.com\/wp-content\/uploads\/2024\/08\/Functionals-logo-5cm-300dpi.jpg\",\"contentUrl\":\"https:\/\/staging-2.functionals.com\/wp-content\/uploads\/2024\/08\/Functionals-logo-5cm-300dpi.jpg\",\"width\":591,\"height\":997,\"caption\":\"Functionals\"},\"image\":{\"@id\":\"https:\/\/staging-2.functionals.com\/en\/#\/schema\/logo\/image\/\"}}]}<\/script>\n<!-- \/ Yoast SEO plugin. -->","yoast_head_json":{"title":"tertio h40 magn\u00e9fique - functionals","robots":{"index":"noindex","follow":"follow","max-snippet":"max-snippet:-1","max-image-preview":"max-image-preview:large","max-video-preview":"max-video-preview:-1"},"og_locale":"en_US","og_type":"article","og_title":"tertio h40 magn\u00e9fique - functionals","og_description":"Tertio H40 Magn\u00e9fique is a magnetic element with four hooks on which a jacket can be hung. Tertio H40 Magn\u00e9fique forms part of the cloakroom series Tertio designed by designer Gerard Kerklaan. Thanks to the transparent design the various models can be easily combined.","og_url":"https:\/\/staging-2.functionals.com\/en\/coat-racks\/tertio-h40-magnefique\/","og_site_name":"functionals","article_modified_time":"2025-09-29T16:45:14+00:00","og_image":[{"width":1707,"height":2560,"url":"https:\/\/staging-2.functionals.com\/wp-content\/uploads\/2024\/08\/Tertio-H-Magnefique-40-FV-1-scaled.jpg","type":"image\/jpeg"}],"twitter_card":"summary_large_image","twitter_misc":{"Est. reading time":"1 minute"},"schema":{"@context":"https:\/\/schema.org","@graph":[{"@type":"WebPage","@id":"https:\/\/staging-2.functionals.com\/en\/coat-racks\/tertio-h40-magnefique\/","url":"https:\/\/staging-2.functionals.com\/en\/coat-racks\/tertio-h40-magnefique\/","name":"tertio h40 magn\u00e9fique - functionals","isPartOf":{"@id":"https:\/\/staging-2.functionals.com\/en\/#website"},"primaryImageOfPage":{"@id":"https:\/\/staging-2.functionals.com\/en\/coat-racks\/tertio-h40-magnefique\/#primaryimage"},"image":{"@id":"https:\/\/staging-2.functionals.com\/en\/coat-racks\/tertio-h40-magnefique\/#primaryimage"},"thumbnailUrl":"https:\/\/staging-2.functionals.com\/wp-content\/uploads\/2024\/08\/Tertio-H-Magnefique-40-FV-1-scaled.jpg","datePublished":"2024-08-07T04:33:57+00:00","dateModified":"2025-09-29T16:45:14+00:00","breadcrumb":{"@id":"https:\/\/staging-2.functionals.com\/en\/coat-racks\/tertio-h40-magnefique\/#breadcrumb"},"inLanguage":"en-US","potentialAction":[{"@type":"ReadAction","target":["https:\/\/staging-2.functionals.com\/en\/coat-racks\/tertio-h40-magnefique\/"]}],"author":{"@type":"Organization","name":"Heabb","url":"https:\/\/heabb.nl"}},{"@type":"ImageObject","inLanguage":"en-US","@id":"https:\/\/staging-2.functionals.com\/en\/coat-racks\/tertio-h40-magnefique\/#primaryimage","url":"https:\/\/staging-2.functionals.com\/wp-content\/uploads\/2024\/08\/Tertio-H-Magnefique-40-FV-1-scaled.jpg","contentUrl":"https:\/\/staging-2.functionals.com\/wp-content\/uploads\/2024\/08\/Tertio-H-Magnefique-40-FV-1-scaled.jpg","width":1707,"height":2560},{"@type":"BreadcrumbList","@id":"https:\/\/staging-2.functionals.com\/en\/coat-racks\/tertio-h40-magnefique\/#breadcrumb","itemListElement":[{"@type":"ListItem","position":1,"name":"home","item":"https:\/\/staging-2.functionals.com\/en\/"},{"@type":"ListItem","position":2,"name":"products","item":"https:\/\/staging-2.functionals.com\/en\/all-products\/"},{"@type":"ListItem","position":3,"name":"tertio h40 magn\u00e9fique"}]},{"@type":"WebSite","@id":"https:\/\/staging-2.functionals.com\/en\/#website","url":"https:\/\/staging-2.functionals.com\/en\/","name":"Functionals","description":"organising spaces","publisher":{"@id":"https:\/\/staging-2.functionals.com\/en\/#organization"},"potentialAction":[{"@type":"SearchAction","target":{"@type":"EntryPoint","urlTemplate":"https:\/\/staging-2.functionals.com\/en\/?s={search_term_string}"},"query-input":{"@type":"PropertyValueSpecification","valueRequired":true,"valueName":"search_term_string"}}],"inLanguage":"en-US"},{"@type":"Organization","@id":"https:\/\/staging-2.functionals.com\/en\/#organization","name":"Functionals","url":"https:\/\/staging-2.functionals.com\/en\/","logo":{"@type":"ImageObject","inLanguage":"en-US","@id":"https:\/\/staging-2.functionals.com\/en\/#\/schema\/logo\/image\/","url":"https:\/\/staging-2.functionals.com\/wp-content\/uploads\/2024\/08\/Functionals-logo-5cm-300dpi.jpg","contentUrl":"https:\/\/staging-2.functionals.com\/wp-content\/uploads\/2024\/08\/Functionals-logo-5cm-300dpi.jpg","width":591,"height":997,"caption":"Functionals"},"image":{"@id":"https:\/\/staging-2.functionals.com\/en\/#\/schema\/logo\/image\/"}}]}},"_links":{"self":[{"href":"https:\/\/staging-2.functionals.com\/en\/wp-json\/wp\/v2\/product\/2214","targetHints":{"allow":["GET"]}}],"collection":[{"href":"https:\/\/staging-2.functionals.com\/en\/wp-json\/wp\/v2\/product"}],"about":[{"href":"https:\/\/staging-2.functionals.com\/en\/wp-json\/wp\/v2\/types\/product"}],"wp:featuredmedia":[{"embeddable":true,"href":"https:\/\/staging-2.functionals.com\/en\/wp-json\/wp\/v2\/media\/9238"}],"wp:attachment":[{"href":"https:\/\/staging-2.functionals.com\/en\/wp-json\/wp\/v2\/media?parent=2214"}],"wp:term":[{"taxonomy":"product_brand","embeddable":true,"href":"https:\/\/staging-2.functionals.com\/en\/wp-json\/wp\/v2\/product_brand?post=2214"},{"taxonomy":"product_cat","embeddable":true,"href":"https:\/\/staging-2.functionals.com\/en\/wp-json\/wp\/v2\/product_cat?post=2214"},{"taxonomy":"product_tag","embeddable":true,"href":"https:\/\/staging-2.functionals.com\/en\/wp-json\/wp\/v2\/product_tag?post=2214"}],"curies":[{"name":"wp","href":"https:\/\/api.w.org\/{rel}","templated":true}]}}