{"id":24116,"date":"2024-10-03T12:34:27","date_gmt":"2024-10-03T10:34:27","guid":{"rendered":"https:\/\/functionals.com\/uncategorized\/krok-box-2\/"},"modified":"2024-10-03T12:34:27","modified_gmt":"2024-10-03T10:34:27","slug":"krok-box-2","status":"publish","type":"product","link":"https:\/\/staging-2.functionals.com\/nl\/wandkapstok\/krok-box-2\/","title":{"rendered":"krok box"},"content":{"rendered":"","protected":false},"excerpt":{"rendered":"<p>De Krok-serie kapstokken blinkt uit in eenvoud. De ontwerpers Mia Lagerman &amp; Ehl\u00e9n Johansson hebben het ontwerp teruggebracht tot de essentie. Krok Box is een slimme wandkapstok en opbergbox in \u00e9\u00e9n. De gepoedercoate stalen box met kunststof haken biedt extra ruimte voor handige spullen zoals sleutels en post. Krok Box kan met de twee meegeleverde zwarte schroeven worden bevestigd op hout, baksteen of beton.    <\/p>\n","protected":false},"featured_media":6708,"template":"","meta":{"_acf_changed":false},"product_brand":[],"product_cat":[162],"product_tag":[3205,3247,3208,3248,3246],"class_list":{"0":"post-24116","1":"product","2":"type-product","3":"status-publish","4":"has-post-thumbnail","6":"product_cat-wandkapstok","7":"product_tag-coat-rack-nl","8":"product_tag-ehlen-johansson-nl","9":"product_tag-kapstok-nl","10":"product_tag-krok-nl","11":"product_tag-mia-lagerman-nl","12":"pa_designer-mia-lagerman-ehlen-johansson-nl","14":"first","15":"instock","16":"taxable","17":"shipping-taxable","18":"purchasable","19":"product-type-variable"},"acf":[],"yoast_head":"<!-- This site is optimized with the Yoast SEO plugin v26.3 - https:\/\/yoast.com\/wordpress\/plugins\/seo\/ -->\n<title>krok box - functionals<\/title>\n<meta name=\"robots\" content=\"noindex, follow, max-snippet:-1, max-image-preview:large, max-video-preview:-1\" \/>\n<meta property=\"og:locale\" content=\"nl_NL\" \/>\n<meta property=\"og:type\" content=\"article\" \/>\n<meta property=\"og:title\" content=\"krok box - functionals\" \/>\n<meta property=\"og:description\" content=\"De Krok-serie kapstokken blinkt uit in eenvoud. De ontwerpers Mia Lagerman &amp; Ehl\u00e9n Johansson hebben het ontwerp teruggebracht tot de essentie. Krok Box is een slimme wandkapstok en opbergbox in \u00e9\u00e9n. De gepoedercoate stalen box met kunststof haken biedt extra ruimte voor handige spullen zoals sleutels en post. Krok Box kan met de twee meegeleverde zwarte schroeven worden bevestigd op hout, baksteen of beton.\" \/>\n<meta property=\"og:url\" content=\"https:\/\/staging-2.functionals.com\/nl\/wandkapstok\/krok-box-2\/\" \/>\n<meta property=\"og:site_name\" content=\"functionals\" \/>\n<meta property=\"og:image\" content=\"https:\/\/staging-2.functionals.com\/wp-content\/uploads\/2024\/10\/Krok-Box-Pine-Green-FV-scaled.jpg\" \/>\n\t<meta property=\"og:image:width\" content=\"1707\" \/>\n\t<meta property=\"og:image:height\" content=\"2560\" \/>\n\t<meta property=\"og:image:type\" content=\"image\/jpeg\" \/>\n<meta name=\"twitter:card\" content=\"summary_large_image\" \/>\n<script type=\"application\/ld+json\" class=\"yoast-schema-graph\">{\"@context\":\"https:\/\/schema.org\",\"@graph\":[{\"@type\":\"WebPage\",\"@id\":\"https:\/\/staging-2.functionals.com\/nl\/wandkapstok\/krok-box-2\/\",\"url\":\"https:\/\/staging-2.functionals.com\/nl\/wandkapstok\/krok-box-2\/\",\"name\":\"krok box - functionals\",\"isPartOf\":{\"@id\":\"https:\/\/staging-2.functionals.com\/nl\/#website\"},\"primaryImageOfPage\":{\"@id\":\"https:\/\/staging-2.functionals.com\/nl\/wandkapstok\/krok-box-2\/#primaryimage\"},\"image\":{\"@id\":\"https:\/\/staging-2.functionals.com\/nl\/wandkapstok\/krok-box-2\/#primaryimage\"},\"thumbnailUrl\":\"https:\/\/staging-2.functionals.com\/wp-content\/uploads\/2024\/10\/Krok-Box-Pine-Green-FV-scaled.jpg\",\"datePublished\":\"2024-10-03T10:34:27+00:00\",\"breadcrumb\":{\"@id\":\"https:\/\/staging-2.functionals.com\/nl\/wandkapstok\/krok-box-2\/#breadcrumb\"},\"inLanguage\":\"nl-NL\",\"potentialAction\":[{\"@type\":\"ReadAction\",\"target\":[\"https:\/\/staging-2.functionals.com\/nl\/wandkapstok\/krok-box-2\/\"]}],\"author\":{\"@type\":\"Organization\",\"name\":\"Heabb\",\"url\":\"https:\/\/heabb.nl\"}},{\"@type\":\"ImageObject\",\"inLanguage\":\"nl-NL\",\"@id\":\"https:\/\/staging-2.functionals.com\/nl\/wandkapstok\/krok-box-2\/#primaryimage\",\"url\":\"https:\/\/staging-2.functionals.com\/wp-content\/uploads\/2024\/10\/Krok-Box-Pine-Green-FV-scaled.jpg\",\"contentUrl\":\"https:\/\/staging-2.functionals.com\/wp-content\/uploads\/2024\/10\/Krok-Box-Pine-Green-FV-scaled.jpg\",\"width\":1707,\"height\":2560},{\"@type\":\"BreadcrumbList\",\"@id\":\"https:\/\/staging-2.functionals.com\/nl\/wandkapstok\/krok-box-2\/#breadcrumb\",\"itemListElement\":[{\"@type\":\"ListItem\",\"position\":1,\"name\":\"home\",\"item\":\"https:\/\/staging-2.functionals.com\/nl\/\"},{\"@type\":\"ListItem\",\"position\":2,\"name\":\"producten\",\"item\":\"https:\/\/staging-2.functionals.com\/nl\/producten\/\"},{\"@type\":\"ListItem\",\"position\":3,\"name\":\"krok box\"}]},{\"@type\":\"WebSite\",\"@id\":\"https:\/\/staging-2.functionals.com\/nl\/#website\",\"url\":\"https:\/\/staging-2.functionals.com\/nl\/\",\"name\":\"Functionals\",\"description\":\"organising spaces\",\"publisher\":{\"@id\":\"https:\/\/staging-2.functionals.com\/nl\/#organization\"},\"potentialAction\":[{\"@type\":\"SearchAction\",\"target\":{\"@type\":\"EntryPoint\",\"urlTemplate\":\"https:\/\/staging-2.functionals.com\/nl\/?s={search_term_string}\"},\"query-input\":{\"@type\":\"PropertyValueSpecification\",\"valueRequired\":true,\"valueName\":\"search_term_string\"}}],\"inLanguage\":\"nl-NL\"},{\"@type\":\"Organization\",\"@id\":\"https:\/\/staging-2.functionals.com\/nl\/#organization\",\"name\":\"Functionals\",\"url\":\"https:\/\/staging-2.functionals.com\/nl\/\",\"logo\":{\"@type\":\"ImageObject\",\"inLanguage\":\"nl-NL\",\"@id\":\"https:\/\/staging-2.functionals.com\/nl\/#\/schema\/logo\/image\/\",\"url\":\"https:\/\/staging-2.functionals.com\/wp-content\/uploads\/2024\/08\/Functionals-logo-5cm-300dpi.jpg\",\"contentUrl\":\"https:\/\/staging-2.functionals.com\/wp-content\/uploads\/2024\/08\/Functionals-logo-5cm-300dpi.jpg\",\"width\":591,\"height\":997,\"caption\":\"Functionals\"},\"image\":{\"@id\":\"https:\/\/staging-2.functionals.com\/nl\/#\/schema\/logo\/image\/\"}}]}<\/script>\n<!-- \/ Yoast SEO plugin. -->","yoast_head_json":{"title":"krok box - functionals","robots":{"index":"noindex","follow":"follow","max-snippet":"max-snippet:-1","max-image-preview":"max-image-preview:large","max-video-preview":"max-video-preview:-1"},"og_locale":"nl_NL","og_type":"article","og_title":"krok box - functionals","og_description":"De Krok-serie kapstokken blinkt uit in eenvoud. De ontwerpers Mia Lagerman &amp; Ehl\u00e9n Johansson hebben het ontwerp teruggebracht tot de essentie. Krok Box is een slimme wandkapstok en opbergbox in \u00e9\u00e9n. De gepoedercoate stalen box met kunststof haken biedt extra ruimte voor handige spullen zoals sleutels en post. Krok Box kan met de twee meegeleverde zwarte schroeven worden bevestigd op hout, baksteen of beton.","og_url":"https:\/\/staging-2.functionals.com\/nl\/wandkapstok\/krok-box-2\/","og_site_name":"functionals","og_image":[{"width":1707,"height":2560,"url":"https:\/\/staging-2.functionals.com\/wp-content\/uploads\/2024\/10\/Krok-Box-Pine-Green-FV-scaled.jpg","type":"image\/jpeg"}],"twitter_card":"summary_large_image","schema":{"@context":"https:\/\/schema.org","@graph":[{"@type":"WebPage","@id":"https:\/\/staging-2.functionals.com\/nl\/wandkapstok\/krok-box-2\/","url":"https:\/\/staging-2.functionals.com\/nl\/wandkapstok\/krok-box-2\/","name":"krok box - functionals","isPartOf":{"@id":"https:\/\/staging-2.functionals.com\/nl\/#website"},"primaryImageOfPage":{"@id":"https:\/\/staging-2.functionals.com\/nl\/wandkapstok\/krok-box-2\/#primaryimage"},"image":{"@id":"https:\/\/staging-2.functionals.com\/nl\/wandkapstok\/krok-box-2\/#primaryimage"},"thumbnailUrl":"https:\/\/staging-2.functionals.com\/wp-content\/uploads\/2024\/10\/Krok-Box-Pine-Green-FV-scaled.jpg","datePublished":"2024-10-03T10:34:27+00:00","breadcrumb":{"@id":"https:\/\/staging-2.functionals.com\/nl\/wandkapstok\/krok-box-2\/#breadcrumb"},"inLanguage":"nl-NL","potentialAction":[{"@type":"ReadAction","target":["https:\/\/staging-2.functionals.com\/nl\/wandkapstok\/krok-box-2\/"]}],"author":{"@type":"Organization","name":"Heabb","url":"https:\/\/heabb.nl"}},{"@type":"ImageObject","inLanguage":"nl-NL","@id":"https:\/\/staging-2.functionals.com\/nl\/wandkapstok\/krok-box-2\/#primaryimage","url":"https:\/\/staging-2.functionals.com\/wp-content\/uploads\/2024\/10\/Krok-Box-Pine-Green-FV-scaled.jpg","contentUrl":"https:\/\/staging-2.functionals.com\/wp-content\/uploads\/2024\/10\/Krok-Box-Pine-Green-FV-scaled.jpg","width":1707,"height":2560},{"@type":"BreadcrumbList","@id":"https:\/\/staging-2.functionals.com\/nl\/wandkapstok\/krok-box-2\/#breadcrumb","itemListElement":[{"@type":"ListItem","position":1,"name":"home","item":"https:\/\/staging-2.functionals.com\/nl\/"},{"@type":"ListItem","position":2,"name":"producten","item":"https:\/\/staging-2.functionals.com\/nl\/producten\/"},{"@type":"ListItem","position":3,"name":"krok box"}]},{"@type":"WebSite","@id":"https:\/\/staging-2.functionals.com\/nl\/#website","url":"https:\/\/staging-2.functionals.com\/nl\/","name":"Functionals","description":"organising spaces","publisher":{"@id":"https:\/\/staging-2.functionals.com\/nl\/#organization"},"potentialAction":[{"@type":"SearchAction","target":{"@type":"EntryPoint","urlTemplate":"https:\/\/staging-2.functionals.com\/nl\/?s={search_term_string}"},"query-input":{"@type":"PropertyValueSpecification","valueRequired":true,"valueName":"search_term_string"}}],"inLanguage":"nl-NL"},{"@type":"Organization","@id":"https:\/\/staging-2.functionals.com\/nl\/#organization","name":"Functionals","url":"https:\/\/staging-2.functionals.com\/nl\/","logo":{"@type":"ImageObject","inLanguage":"nl-NL","@id":"https:\/\/staging-2.functionals.com\/nl\/#\/schema\/logo\/image\/","url":"https:\/\/staging-2.functionals.com\/wp-content\/uploads\/2024\/08\/Functionals-logo-5cm-300dpi.jpg","contentUrl":"https:\/\/staging-2.functionals.com\/wp-content\/uploads\/2024\/08\/Functionals-logo-5cm-300dpi.jpg","width":591,"height":997,"caption":"Functionals"},"image":{"@id":"https:\/\/staging-2.functionals.com\/nl\/#\/schema\/logo\/image\/"}}]}},"_links":{"self":[{"href":"https:\/\/staging-2.functionals.com\/nl\/wp-json\/wp\/v2\/product\/24116","targetHints":{"allow":["GET"]}}],"collection":[{"href":"https:\/\/staging-2.functionals.com\/nl\/wp-json\/wp\/v2\/product"}],"about":[{"href":"https:\/\/staging-2.functionals.com\/nl\/wp-json\/wp\/v2\/types\/product"}],"wp:featuredmedia":[{"embeddable":true,"href":"https:\/\/staging-2.functionals.com\/nl\/wp-json\/wp\/v2\/media\/6708"}],"wp:attachment":[{"href":"https:\/\/staging-2.functionals.com\/nl\/wp-json\/wp\/v2\/media?parent=24116"}],"wp:term":[{"taxonomy":"product_brand","embeddable":true,"href":"https:\/\/staging-2.functionals.com\/nl\/wp-json\/wp\/v2\/product_brand?post=24116"},{"taxonomy":"product_cat","embeddable":true,"href":"https:\/\/staging-2.functionals.com\/nl\/wp-json\/wp\/v2\/product_cat?post=24116"},{"taxonomy":"product_tag","embeddable":true,"href":"https:\/\/staging-2.functionals.com\/nl\/wp-json\/wp\/v2\/product_tag?post=24116"}],"curies":[{"name":"wp","href":"https:\/\/api.w.org\/{rel}","templated":true}]}}